{"id":151,"date":"2015-07-05T21:22:28","date_gmt":"2015-07-05T21:22:28","guid":{"rendered":"http:\/\/projekti.iarh.hr\/bampica\/?page_id=151"},"modified":"2016-02-05T14:04:26","modified_gmt":"2016-02-05T12:04:26","slug":"archaeological-research","status":"publish","type":"page","link":"http:\/\/projekti.iarh.hr\/bampica\/results\/archaeological-research\/","title":{"rendered":"Arheolo\u0161ka istra\u017eivanja"},"content":{"rendered":"<div id=\"pl-151\"  class=\"panel-layout\" ><div id=\"pg-151-0\"  class=\"panel-grid panel-no-style\" ><div id=\"pgc-151-0-0\"  class=\"panel-grid-cell\" ><div id=\"panel-151-0-0-0\" class=\"so-panel widget widget_black-studio-tinymce widget_black_studio_tinymce panel-first-child panel-last-child\" data-index=\"0\" ><div class=\"textwidget\"><\/p>\n<p style=\"text-align: justify;\">Arheolo\u0161ka istra\u017eivanja u sklopu projekta <em>Late Bronze Age mortuary practices and society in southern Carpathian Basin (BAMPICa)<\/em> provedena su u razdoblju od 9. do 22. listopada 2014. na tri polo\u017eaja u Sotinu i na polo\u017eaju \u0160anac u Opatovcu. Tijekom iskopavanja potvr\u0111ena su arheolo\u0161ka nalazi\u0161ta zabilje\u017eena pri terenskim pregledima 2008., 2009. i 2014. godine.<\/p>\n<p>\n<\/div><\/div><\/div><\/div><div id=\"pg-151-1\"  class=\"panel-grid panel-no-style\" ><div id=\"pgc-151-1-0\"  class=\"panel-grid-cell\" ><div id=\"panel-151-1-0-0\" class=\"so-panel widget widget_black-studio-tinymce widget_black_studio_tinymce panel-first-child panel-last-child\" data-index=\"1\" ><div class=\"textwidget\"><\/p>\n<p><div id=\"attachment_244\" style=\"width: 410px\" class=\"wp-caption aligncenter\"><a href=\"http:\/\/projekti.iarh.hr\/bampica\/wp-content\/uploads\/2015\/07\/sl.-1-en1.jpg\"><img aria-describedby=\"caption-attachment-244\" class=\"wp-image-244\" src=\"http:\/\/projekti.iarh.hr\/bampica\/wp-content\/uploads\/2015\/07\/sl.-1-en1.jpg\" alt=\"U Sotinu, na polo\u017eaju Trojstvo, zapadno od sela, bli\u017ee Vu\u010dedolu otkriveni su dijelovi sopotskog i badenskog naselja, te tragovi paljevinskih grobova Belegi\u0161 II kulture uni\u0161teni intenzivnom poljoprivrednom obradom tla.\" width=\"400\" height=\"600\" \/><\/a><p id=\"caption-attachment-244\" class=\"wp-caption-text\">U Sotinu, na polo\u017eaju Trojstvo, zapadno od sela, bli\u017ee Vu\u010dedolu otkriveni su dijelovi sopotskog i badenskog naselja, te tragovi paljevinskih grobova Belegi\u0161 II kulture uni\u0161teni intenzivnom poljoprivrednom obradom tla.<\/p><\/div><\/p>\n<p>\n<\/div><\/div><\/div><div id=\"pgc-151-1-1\"  class=\"panel-grid-cell\" ><div id=\"panel-151-1-1-0\" class=\"so-panel widget widget_black-studio-tinymce widget_black_studio_tinymce panel-first-child panel-last-child\" data-index=\"2\" ><div class=\"textwidget\"><\/p>\n<p><div id=\"attachment_241\" style=\"width: 410px\" class=\"wp-caption aligncenter\"><a href=\"http:\/\/projekti.iarh.hr\/bampica\/wp-content\/uploads\/2015\/07\/sl.-2-en.jpg\"><img aria-describedby=\"caption-attachment-241\" class=\"wp-image-241\" src=\"http:\/\/projekti.iarh.hr\/bampica\/wp-content\/uploads\/2015\/07\/sl.-2-en.jpg\" alt=\"U Sotinu, na polo\u017eaju Fancage, u sjevernom dijelu dana\u0161njeg naselja, otkriveni su dijelovi srednjobron\u010danodobnog (Belegi\u0161 I) naselja te dijelovi kasnosrednjovjekovnog naselja.\" width=\"400\" height=\"600\" \/><\/a><p id=\"caption-attachment-241\" class=\"wp-caption-text\">U Sotinu, na polo\u017eaju Fancage, u sjevernom dijelu dana\u0161njeg naselja, otkriveni su dijelovi srednjobron\u010danodobnog (Belegi\u0161 I) naselja te dijelovi kasnosrednjovjekovnog naselja.<\/p><\/div><\/p>\n<p>\n<\/div><\/div><\/div><\/div><div id=\"pg-151-2\"  class=\"panel-grid panel-no-style\" ><div id=\"pgc-151-2-0\"  class=\"panel-grid-cell\" ><div id=\"panel-151-2-0-0\" class=\"so-panel widget widget_black-studio-tinymce widget_black_studio_tinymce panel-first-child panel-last-child\" data-index=\"3\" ><div class=\"textwidget\"><\/p>\n<p><div id=\"attachment_243\" style=\"width: 410px\" class=\"wp-caption aligncenter\"><a href=\"http:\/\/projekti.iarh.hr\/bampica\/wp-content\/uploads\/2015\/07\/sl.-3-en.jpg\"><img aria-describedby=\"caption-attachment-243\" class=\"wp-image-243\" src=\"http:\/\/projekti.iarh.hr\/bampica\/wp-content\/uploads\/2015\/07\/sl.-3-en.jpg\" alt=\"U Sotinu, na polo\u017eaju Plandi\u0161te, na jugoisto\u010dnom rubu dana\u0161njeg naselja, istra\u017eeni su dijelovi sopotskog naselja i ostaci kasnosrednjovjekovnog naselja.\" width=\"400\" height=\"600\" \/><\/a><p id=\"caption-attachment-243\" class=\"wp-caption-text\">U Sotinu, na polo\u017eaju Plandi\u0161te, na jugoisto\u010dnom rubu dana\u0161njeg naselja, istra\u017eeni su dijelovi sopotskog naselja i ostaci kasnosrednjovjekovnog naselja.<\/p><\/div><\/p>\n<p>\n<\/div><\/div><\/div><div id=\"pgc-151-2-1\"  class=\"panel-grid-cell\" ><div id=\"panel-151-2-1-0\" class=\"so-panel widget widget_black-studio-tinymce widget_black_studio_tinymce panel-first-child panel-last-child\" data-index=\"4\" ><div class=\"textwidget\"><\/p>\n<p><div id=\"attachment_242\" style=\"width: 410px\" class=\"wp-caption aligncenter\"><a href=\"http:\/\/projekti.iarh.hr\/bampica\/wp-content\/uploads\/2015\/07\/sl.-4-en.jpg\"><img aria-describedby=\"caption-attachment-242\" class=\"wp-image-242\" src=\"http:\/\/projekti.iarh.hr\/bampica\/wp-content\/uploads\/2015\/07\/sl.-4-en.jpg\" alt=\"U Opatovcu, na polo\u017eaju \u0160anac prona\u0111eni su dijelovi badenskog naselja te poluzemunica s kraja starijeg \u017eeljeznog doba.\" width=\"400\" height=\"267\" \/><\/a><p id=\"caption-attachment-242\" class=\"wp-caption-text\">U Opatovcu, na polo\u017eaju \u0160anac prona\u0111eni su dijelovi badenskog naselja te poluzemunica s kraja starijeg \u017eeljeznog doba.<\/p><\/div><\/p>\n<p>\n<\/div><\/div><\/div><\/div><div id=\"pg-151-3\"  class=\"panel-grid panel-no-style\" ><div id=\"pgc-151-3-0\"  class=\"panel-grid-cell\" ><div id=\"panel-151-3-0-0\" class=\"so-panel widget widget_black-studio-tinymce widget_black_studio_tinymce panel-first-child panel-last-child\" data-index=\"5\" ><div class=\"textwidget\"><p style=\"text-align: justify;\"> Ova ciljana arheolo\u0161ka istra\u017eivanja ukazuju na nu\u017enost sustavnih terenskih pregleda i daljnih provedbi probnih iskopavanja s ciljem sigurnih lociranja naselja i groblja iz pojedinih vremenskih razdoblja.<\/p>\n<p style=\"text-align: justify;\">\n<\/div><\/div><\/div><\/div><\/div>","protected":false},"excerpt":{"rendered":"<p>Arheolo\u0161ka istra\u017eivanja u sklopu projekta Late Bronze Age mortuary practices and society in southern Carpathian Basin (BAMPICa) provedena su u razdoblju od 9. do 22. listopada 2014. na tri polo\u017eaja u Sotinu i na polo\u017eaju \u0160anac u Opatovcu. Tijekom iskopavanja potvr\u0111ena su arheolo\u0161ka nalazi\u0161ta zabilje\u017eena pri terenskim pregledima 2008., 2009. i 2014. godine.<\/p>\n","protected":false},"author":1,"featured_media":0,"parent":13,"menu_order":0,"comment_status":"closed","ping_status":"open","template":"","meta":{"_links_to":"","_links_to_target":""},"_links":{"self":[{"href":"http:\/\/projekti.iarh.hr\/bampica\/wp-json\/wp\/v2\/pages\/151"}],"collection":[{"href":"http:\/\/projekti.iarh.hr\/bampica\/wp-json\/wp\/v2\/pages"}],"about":[{"href":"http:\/\/projekti.iarh.hr\/bampica\/wp-json\/wp\/v2\/types\/page"}],"author":[{"embeddable":true,"href":"http:\/\/projekti.iarh.hr\/bampica\/wp-json\/wp\/v2\/users\/1"}],"replies":[{"embeddable":true,"href":"http:\/\/projekti.iarh.hr\/bampica\/wp-json\/wp\/v2\/comments?post=151"}],"version-history":[{"count":11,"href":"http:\/\/projekti.iarh.hr\/bampica\/wp-json\/wp\/v2\/pages\/151\/revisions"}],"predecessor-version":[{"id":301,"href":"http:\/\/projekti.iarh.hr\/bampica\/wp-json\/wp\/v2\/pages\/151\/revisions\/301"}],"up":[{"embeddable":true,"href":"http:\/\/projekti.iarh.hr\/bampica\/wp-json\/wp\/v2\/pages\/13"}],"wp:attachment":[{"href":"http:\/\/projekti.iarh.hr\/bampica\/wp-json\/wp\/v2\/media?parent=151"}],"curies":[{"name":"wp","href":"https:\/\/api.w.org\/{rel}","templated":true}]}}